{"id":6728,"date":"2024-07-31T15:13:07","date_gmt":"2024-07-31T13:13:07","guid":{"rendered":"https:\/\/d1tribunaladministrativodelmagdalena.com\/?page_id=6728"},"modified":"2024-07-31T15:51:21","modified_gmt":"2024-07-31T13:51:21","slug":"envio-de-memoriales","status":"publish","type":"page","link":"https:\/\/d1tribunaladministrativodelmagdalena.com\/?page_id=6728","title":{"rendered":"Env\u00edo de memoriales\u00a0"},"content":{"rendered":"\t\t<div data-elementor-type=\"wp-page\" data-elementor-id=\"6728\" class=\"elementor elementor-6728\">\n\t\t\t\t\t\t<section class=\"elementor-section elementor-top-section elementor-element elementor-element-090a287 elementor-section-stretched elementor-section-boxed elementor-section-height-default elementor-section-height-default\" data-id=\"090a287\" data-element_type=\"section\" data-settings=\"{&quot;stretch_section&quot;:&quot;section-stretched&quot;,&quot;background_background&quot;:&quot;classic&quot;}\">\n\t\t\t\t\t\t\t<div class=\"elementor-background-overlay\"><\/div>\n\t\t\t\t\t\t\t<div class=\"elementor-container elementor-column-gap-no\">\n\t\t\t\t\t<div class=\"elementor-column elementor-col-100 elementor-top-column elementor-element elementor-element-b901486\" data-id=\"b901486\" data-element_type=\"column\">\n\t\t\t<div class=\"elementor-widget-wrap elementor-element-populated\">\n\t\t\t\t\t\t<div class=\"elementor-element elementor-element-27f9af2 elementor-widget elementor-widget-heading\" data-id=\"27f9af2\" data-element_type=\"widget\" data-widget_type=\"heading.default\">\n\t\t\t\t<div class=\"elementor-widget-container\">\n\t\t\t\t\t<h2 class=\"elementor-heading-title elementor-size-default\">Env\u00edo de memoriales<\/h2>\t\t\t\t<\/div>\n\t\t\t\t<\/div>\n\t\t\t\t<div class=\"elementor-element elementor-element-b2420aa elementor-widget elementor-widget-spacer\" data-id=\"b2420aa\" data-element_type=\"widget\" data-widget_type=\"spacer.default\">\n\t\t\t\t<div class=\"elementor-widget-container\">\n\t\t\t\t\t\t\t<div class=\"elementor-spacer\">\n\t\t\t<div class=\"elementor-spacer-inner\"><\/div>\n\t\t<\/div>\n\t\t\t\t\t\t<\/div>\n\t\t\t\t<\/div>\n\t\t\t\t<div class=\"elementor-element elementor-element-167c23f align-center elementor-widget elementor-widget-mae-button\" data-id=\"167c23f\" data-element_type=\"widget\" data-widget_type=\"mae-button.default\">\n\t\t\t\t<div class=\"elementor-widget-container\">\n\t\t\t\t\t\n        \n        <a class=\"master-button btn-accent icon-none medium btn-hover-2\" href=\"https:\/\/samai.consejodeestado.gov.co\/Vistas\/Casos\/procesos.aspx\" \n            target=&quot;_blank&quot; >\n\n            <span class=\"inner\">\n                <span class=\"content-base\">\n                                        <span class=\"text\">ventanilla de SAMAI para presentar memoriales.<\/span>\n                                    <\/span>\n\n                <span class=\"content-hover\">\n                                        <span class=\"text\">ventanilla de SAMAI para presentar memoriales.<\/span>\n                                    <\/span>\n            <\/span>\n\n            <span class=\"bg-hover\"><\/span>        <\/a>\n\n        \t\t\t\t<\/div>\n\t\t\t\t<\/div>\n\t\t\t\t\t<\/div>\n\t\t<\/div>\n\t\t\t\t\t<\/div>\n\t\t<\/section>\n\t\t<div class=\"elementor-element elementor-element-9234f0a e-flex e-con-boxed e-con e-parent\" data-id=\"9234f0a\" data-element_type=\"container\">\n\t\t\t\t\t<div class=\"e-con-inner\">\n\t\t\t\t<div class=\"elementor-element elementor-element-56c74bd align-center heading-default elementor-widget elementor-widget-mae-headings\" data-id=\"56c74bd\" data-element_type=\"widget\" data-widget_type=\"mae-headings.default\">\n\t\t\t\t<div class=\"elementor-widget-container\">\n\t\t\t\t\t\t\t<div class=\"master-heading sep-none\">\n\t\t\t\t        \t        \t<div class=\"pre-heading\"><span class=\"line\"><span class=\"inner\"><\/span><\/span>Accede a nuestro canal de Youtube<\/div>\n\t        \n\t        \n\t        \t        <h2 class=\"main-heading\">Gu\u00edas y aprendizaje <\/h2>\n\t        \n\t        \n\t        \t    <\/div>\n\t    \t\t\t\t<\/div>\n\t\t\t\t<\/div>\n\t\t\t\t\t<\/div>\n\t\t\t\t<\/div>\n\t\t<div class=\"elementor-element elementor-element-b78218f e-flex e-con-boxed e-con e-parent\" data-id=\"b78218f\" data-element_type=\"container\">\n\t\t\t\t\t<div class=\"e-con-inner\">\n\t\t<div class=\"elementor-element elementor-element-9856e8c e-con-full e-flex e-con e-child\" data-id=\"9856e8c\" data-element_type=\"container\">\n\t\t\t\t<div class=\"elementor-element elementor-element-8196a45 align-center elementor-widget elementor-widget-mae-button\" data-id=\"8196a45\" data-element_type=\"widget\" data-widget_type=\"mae-button.default\">\n\t\t\t\t<div class=\"elementor-widget-container\">\n\t\t\t\t\t\n        \n        <a class=\"master-button btn-accent icon-none medium btn-hover-2\" href=\"https:\/\/www.youtube.com\/@victoriaenlinea-vickyquino5116\" \n            target=&quot;_blank&quot; >\n\n            <span class=\"inner\">\n                <span class=\"content-base\">\n                                        <span class=\"text\">ACCEDE A NUESTRO CANAL DE YOUTUBE PARA M\u00c1S<\/span>\n                                    <\/span>\n\n                <span class=\"content-hover\">\n                                        <span class=\"text\">ACCEDE A NUESTRO CANAL DE YOUTUBE PARA M\u00c1S<\/span>\n                                    <\/span>\n            <\/span>\n\n            <span class=\"bg-hover\"><\/span>        <\/a>\n\n        \t\t\t\t<\/div>\n\t\t\t\t<\/div>\n\t\t\t\t<\/div>\n\t\t\t\t\t<\/div>\n\t\t\t\t<\/div>\n\t\t<div class=\"elementor-element elementor-element-5c394c1 e-flex e-con-boxed e-con e-parent\" data-id=\"5c394c1\" data-element_type=\"container\">\n\t\t\t\t\t<div class=\"e-con-inner\">\n\t\t\t\t<div class=\"elementor-element elementor-element-4a1c457 elementor-widget elementor-widget-video\" data-id=\"4a1c457\" data-element_type=\"widget\" data-settings=\"{&quot;youtube_url&quot;:&quot;https:\\\/\\\/www.youtube.com\\\/watch?v=Zk2c_sR0S3o&quot;,&quot;yt_privacy&quot;:&quot;yes&quot;,&quot;video_type&quot;:&quot;youtube&quot;,&quot;controls&quot;:&quot;yes&quot;}\" data-widget_type=\"video.default\">\n\t\t\t\t<div class=\"elementor-widget-container\">\n\t\t\t\t\t\t\t<div class=\"elementor-wrapper elementor-open-inline\">\n\t\t\t<div class=\"elementor-video\"><\/div>\t\t<\/div>\n\t\t\t\t\t\t<\/div>\n\t\t\t\t<\/div>\n\t\t\t\t\t<\/div>\n\t\t\t\t<\/div>\n\t\t\t\t<\/div>\n\t\t\n    <div class=\"xs_social_share_widget xs_share_url after_content \t\tmain_content  wslu-style-1 wslu-share-box-shaped wslu-fill-colored wslu-none wslu-share-horizontal wslu-theme-font-no wslu-main_content\">\n\n\t\t\n        <ul>\n\t\t\t        <\/ul>\n    <\/div> \n","protected":false},"excerpt":{"rendered":"<p>Env\u00edo de memoriales ventanilla de SAMAI para presentar memoriales. ventanilla de SAMAI para presentar memoriales. Accede a nuestro canal de Youtube Gu\u00edas y aprendizaje ACCEDE A NUESTRO CANAL DE YOUTUBE PARA M\u00c1S ACCEDE A NUESTRO CANAL DE YOUTUBE PARA M\u00c1S<\/p>\n","protected":false},"author":1,"featured_media":0,"parent":0,"menu_order":0,"comment_status":"closed","ping_status":"closed","template":"","meta":{"inline_featured_image":false,"footnotes":""},"class_list":["post-6728","page","type-page","status-publish","hentry"],"_links":{"self":[{"href":"https:\/\/d1tribunaladministrativodelmagdalena.com\/index.php?rest_route=\/wp\/v2\/pages\/6728","targetHints":{"allow":["GET"]}}],"collection":[{"href":"https:\/\/d1tribunaladministrativodelmagdalena.com\/index.php?rest_route=\/wp\/v2\/pages"}],"about":[{"href":"https:\/\/d1tribunaladministrativodelmagdalena.com\/index.php?rest_route=\/wp\/v2\/types\/page"}],"author":[{"embeddable":true,"href":"https:\/\/d1tribunaladministrativodelmagdalena.com\/index.php?rest_route=\/wp\/v2\/users\/1"}],"replies":[{"embeddable":true,"href":"https:\/\/d1tribunaladministrativodelmagdalena.com\/index.php?rest_route=%2Fwp%2Fv2%2Fcomments&post=6728"}],"version-history":[{"count":25,"href":"https:\/\/d1tribunaladministrativodelmagdalena.com\/index.php?rest_route=\/wp\/v2\/pages\/6728\/revisions"}],"predecessor-version":[{"id":6772,"href":"https:\/\/d1tribunaladministrativodelmagdalena.com\/index.php?rest_route=\/wp\/v2\/pages\/6728\/revisions\/6772"}],"wp:attachment":[{"href":"https:\/\/d1tribunaladministrativodelmagdalena.com\/index.php?rest_route=%2Fwp%2Fv2%2Fmedia&parent=6728"}],"curies":[{"name":"wp","href":"https:\/\/api.w.org\/{rel}","templated":true}]}}