{"id":6533,"date":"2024-07-24T21:56:04","date_gmt":"2024-07-24T19:56:04","guid":{"rendered":"https:\/\/d1tribunaladministrativodelmagdalena.com\/?page_id=6533"},"modified":"2025-02-27T23:38:15","modified_gmt":"2025-02-27T22:38:15","slug":"calendario-de-audiencias","status":"publish","type":"page","link":"https:\/\/d1tribunaladministrativodelmagdalena.com\/?page_id=6533","title":{"rendered":"Calendario de Audiencias"},"content":{"rendered":"\t\t<div data-elementor-type=\"wp-page\" data-elementor-id=\"6533\" class=\"elementor elementor-6533\">\n\t\t\t\t\t\t<section class=\"elementor-section elementor-top-section elementor-element elementor-element-a4c19c2 elementor-section-stretched elementor-section-boxed elementor-section-height-default elementor-section-height-default\" data-id=\"a4c19c2\" data-element_type=\"section\" data-settings=\"{&quot;stretch_section&quot;:&quot;section-stretched&quot;,&quot;background_background&quot;:&quot;classic&quot;}\">\n\t\t\t\t\t\t\t<div class=\"elementor-background-overlay\"><\/div>\n\t\t\t\t\t\t\t<div class=\"elementor-container elementor-column-gap-no\">\n\t\t\t\t\t<div class=\"elementor-column elementor-col-100 elementor-top-column elementor-element elementor-element-416c75d\" data-id=\"416c75d\" data-element_type=\"column\">\n\t\t\t<div class=\"elementor-widget-wrap elementor-element-populated\">\n\t\t\t\t\t\t<div class=\"elementor-element elementor-element-5352776 elementor-widget elementor-widget-heading\" data-id=\"5352776\" data-element_type=\"widget\" data-widget_type=\"heading.default\">\n\t\t\t\t<div class=\"elementor-widget-container\">\n\t\t\t\t\t<h2 class=\"elementor-heading-title elementor-size-default\">Calendario de audiencias<\/h2>\t\t\t\t<\/div>\n\t\t\t\t<\/div>\n\t\t\t\t\t<\/div>\n\t\t<\/div>\n\t\t\t\t\t<\/div>\n\t\t<\/section>\n\t\t<div class=\"elementor-element elementor-element-e1d5b67 e-flex e-con-boxed e-con e-parent\" data-id=\"e1d5b67\" data-element_type=\"container\">\n\t\t\t\t\t<div class=\"e-con-inner\">\n\t\t\t\t<div class=\"elementor-element elementor-element-4d7500e elementor-widget elementor-widget-text-editor\" data-id=\"4d7500e\" data-element_type=\"widget\" data-widget_type=\"text-editor.default\">\n\t\t\t\t<div class=\"elementor-widget-container\">\n\t\t\t\t\t\t\t\t\t<h2>Nuestro compromiso con la transparencia y la eficiencia<\/h2><p>En nuestro despacho, creemos firmemente que mantener informados a los usuarios es la clave para un servicio \u00e1gil y eficaz en la justicia. Por ello, ponemos a disposici\u00f3n del p\u00fablico un calendario din\u00e1mico de nuestras audiencias programadas.\u00a0<\/p>\t\t\t\t\t\t\t\t<\/div>\n\t\t\t\t<\/div>\n\t\t\t\t\t<\/div>\n\t\t\t\t<\/div>\n\t\t<div class=\"elementor-element elementor-element-3855796 e-flex e-con-boxed e-con e-parent\" data-id=\"3855796\" data-element_type=\"container\">\n\t\t\t\t\t<div class=\"e-con-inner\">\n\t\t\t\t<div class=\"elementor-element elementor-element-c5c5fe5 elementor-widget elementor-widget-html\" data-id=\"c5c5fe5\" data-element_type=\"widget\" data-widget_type=\"html.default\">\n\t\t\t\t<div class=\"elementor-widget-container\">\n\t\t\t\t\t<iframe src=\"https:\/\/calendar.google.com\/calendar\/embed?src=despacho01tribunal%40gmail.com&ctz=America%2FBogota\" style=\"border: 0\" width=\"800\" height=\"600\" frameborder=\"0\" scrolling=\"no\"><\/iframe>\t\t\t\t<\/div>\n\t\t\t\t<\/div>\n\t\t\t\t\t<\/div>\n\t\t\t\t<\/div>\n\t\t\t\t<\/div>\n\t\t\n    <div class=\"xs_social_share_widget xs_share_url after_content \t\tmain_content  wslu-style-1 wslu-share-box-shaped wslu-fill-colored wslu-none wslu-share-horizontal wslu-theme-font-no wslu-main_content\">\n\n\t\t\n        <ul>\n\t\t\t        <\/ul>\n    <\/div> \n","protected":false},"excerpt":{"rendered":"<p>Calendario de audiencias Nuestro compromiso con la transparencia y la eficiencia En nuestro despacho, creemos firmemente que mantener informados a los usuarios es la clave para un servicio \u00e1gil y eficaz en la justicia. Por ello, ponemos a disposici\u00f3n del p\u00fablico un calendario din\u00e1mico de nuestras audiencias programadas.\u00a0<\/p>\n","protected":false},"author":1,"featured_media":0,"parent":0,"menu_order":0,"comment_status":"closed","ping_status":"closed","template":"","meta":{"inline_featured_image":false,"footnotes":""},"class_list":["post-6533","page","type-page","status-publish","hentry"],"_links":{"self":[{"href":"https:\/\/d1tribunaladministrativodelmagdalena.com\/index.php?rest_route=\/wp\/v2\/pages\/6533","targetHints":{"allow":["GET"]}}],"collection":[{"href":"https:\/\/d1tribunaladministrativodelmagdalena.com\/index.php?rest_route=\/wp\/v2\/pages"}],"about":[{"href":"https:\/\/d1tribunaladministrativodelmagdalena.com\/index.php?rest_route=\/wp\/v2\/types\/page"}],"author":[{"embeddable":true,"href":"https:\/\/d1tribunaladministrativodelmagdalena.com\/index.php?rest_route=\/wp\/v2\/users\/1"}],"replies":[{"embeddable":true,"href":"https:\/\/d1tribunaladministrativodelmagdalena.com\/index.php?rest_route=%2Fwp%2Fv2%2Fcomments&post=6533"}],"version-history":[{"count":38,"href":"https:\/\/d1tribunaladministrativodelmagdalena.com\/index.php?rest_route=\/wp\/v2\/pages\/6533\/revisions"}],"predecessor-version":[{"id":7147,"href":"https:\/\/d1tribunaladministrativodelmagdalena.com\/index.php?rest_route=\/wp\/v2\/pages\/6533\/revisions\/7147"}],"wp:attachment":[{"href":"https:\/\/d1tribunaladministrativodelmagdalena.com\/index.php?rest_route=%2Fwp%2Fv2%2Fmedia&parent=6533"}],"curies":[{"name":"wp","href":"https:\/\/api.w.org\/{rel}","templated":true}]}}