{"id":6503,"date":"2024-07-24T17:55:39","date_gmt":"2024-07-24T15:55:39","guid":{"rendered":"https:\/\/d1tribunaladministrativodelmagdalena.com\/?page_id=6503"},"modified":"2024-08-28T04:20:58","modified_gmt":"2024-08-28T02:20:58","slug":"metaverso","status":"publish","type":"page","link":"https:\/\/d1tribunaladministrativodelmagdalena.com\/?page_id=6503","title":{"rendered":"Metaverso"},"content":{"rendered":"\t\t<div data-elementor-type=\"wp-page\" data-elementor-id=\"6503\" class=\"elementor elementor-6503\">\n\t\t\t\t\t\t<section class=\"elementor-section elementor-top-section elementor-element elementor-element-3a63bf8 elementor-section-stretched elementor-section-boxed elementor-section-height-default elementor-section-height-default\" data-id=\"3a63bf8\" data-element_type=\"section\" data-settings=\"{&quot;stretch_section&quot;:&quot;section-stretched&quot;,&quot;background_background&quot;:&quot;classic&quot;}\">\n\t\t\t\t\t\t\t<div class=\"elementor-background-overlay\"><\/div>\n\t\t\t\t\t\t\t<div class=\"elementor-container elementor-column-gap-no\">\n\t\t\t\t\t<div class=\"elementor-column elementor-col-100 elementor-top-column elementor-element elementor-element-07433e7\" data-id=\"07433e7\" data-element_type=\"column\">\n\t\t\t<div class=\"elementor-widget-wrap elementor-element-populated\">\n\t\t\t\t\t\t<div class=\"elementor-element elementor-element-d43d69d elementor-widget elementor-widget-heading\" data-id=\"d43d69d\" data-element_type=\"widget\" data-widget_type=\"heading.default\">\n\t\t\t\t<div class=\"elementor-widget-container\">\n\t\t\t\t\t<h2 class=\"elementor-heading-title elementor-size-default\">Metaverso<\/h2>\t\t\t\t<\/div>\n\t\t\t\t<\/div>\n\t\t\t\t\t<\/div>\n\t\t<\/div>\n\t\t\t\t\t<\/div>\n\t\t<\/section>\n\t\t<div class=\"elementor-element elementor-element-44eb5bb e-flex e-con-boxed e-con e-parent\" data-id=\"44eb5bb\" data-element_type=\"container\">\n\t\t\t\t\t<div class=\"e-con-inner\">\n\t\t<div class=\"elementor-element elementor-element-eb840d7 e-con-full e-flex e-con e-child\" data-id=\"eb840d7\" data-element_type=\"container\">\n\t\t\t\t<div class=\"elementor-element elementor-element-28935ea align-left heading-big heading-default elementor-widget elementor-widget-mae-headings\" data-id=\"28935ea\" data-element_type=\"widget\" data-widget_type=\"mae-headings.default\">\n\t\t\t\t<div class=\"elementor-widget-container\">\n\t\t\t\t\t\t\t<div class=\"master-heading sep-none\">\n\t\t\t\t        \n\t        \n\t        \t        <h2 class=\"main-heading\"> <span class=\"text-gradient-1\">Despacho 01 en el Metaverso <\/span><\/h2>\n\t        \n\t        \n\t        \t    <\/div>\n\t    \t\t\t\t<\/div>\n\t\t\t\t<\/div>\n\t\t\t\t<div class=\"elementor-element elementor-element-0238deb elementor-widget elementor-widget-text-editor\" data-id=\"0238deb\" data-element_type=\"widget\" data-widget_type=\"text-editor.default\">\n\t\t\t\t<div class=\"elementor-widget-container\">\n\t\t\t\t\t\t\t\t\t<p>El metaverso es un espacio virtual revolucionario donde se recrean situaciones reales o ficticias, ofreciendo a las personas nuevas y emocionantes experiencias. Gracias a dispositivos electr\u00f3nicos conectados a internet, el metaverso permite la simulaci\u00f3n de experiencias f\u00edsicas de manera virtual, logrando el mayor realismo posible.<\/p><p>Aunque estas experiencias pueden representarse en dos dimensiones (2D), el metaverso suele utilizar representaciones tridimensionales (3D) para proporcionar una experiencia m\u00e1s inmersiva y realista. El objetivo principal es replicar gran parte de nuestras vivencias cotidianas en un entorno digital, abriendo un abanico de posibilidades sin precedentes.<\/p><p>Explora c\u00f3mo el metaverso est\u00e1 transformando la forma en que interactuamos con el mundo y sum\u00e9rgete en una nueva dimensi\u00f3n de la realidad.<\/p>\t\t\t\t\t\t\t\t<\/div>\n\t\t\t\t<\/div>\n\t\t\t\t<\/div>\n\t\t<div class=\"elementor-element elementor-element-d1de5ef e-con-full e-flex e-con e-child\" data-id=\"d1de5ef\" data-element_type=\"container\">\n\t\t\t\t<div class=\"elementor-element elementor-element-ae02c2b image-width-enable image-width-full elementor-widget elementor-widget-mae-gallery-stack\" data-id=\"ae02c2b\" data-element_type=\"widget\" data-widget_type=\"mae-gallery-stack.default\">\n\t\t\t\t<div class=\"elementor-widget-container\">\n\t\t\t\t\t\t\t<div class=\"master-gallery-stack\">\n\t\t\t<div class=\"master-fancy-image elementor-repeater-item-a170483 \" data-top=\"100px\" data-parallax='{\"x\" : 0, \"y\" : -50, \"smoothness\" : 30, \"rotateX\" : 0, \"rotateY\" : 0, \"rotateZ\" : 0}' data-calcHeight=\"no\">\n\t\t\t\t\t\t\t\t\t<div class=\"image-wrap\"><img fetchpriority=\"high\" decoding=\"async\" width=\"644\" height=\"368\" src=\"https:\/\/d1tribunaladministrativodelmagdalena.com\/wp-content\/uploads\/2024\/08\/WhatsApp-Image-2024-08-27-at-17.17.16.jpeg\" class=\"attachment-full size-full\" alt=\"\" srcset=\"https:\/\/d1tribunaladministrativodelmagdalena.com\/wp-content\/uploads\/2024\/08\/WhatsApp-Image-2024-08-27-at-17.17.16.jpeg 644w, https:\/\/d1tribunaladministrativodelmagdalena.com\/wp-content\/uploads\/2024\/08\/WhatsApp-Image-2024-08-27-at-17.17.16-300x171.jpeg 300w\" sizes=\"(max-width: 644px) 100vw, 644px\" \/><\/div>\n\t\t\t\t\t\t\t\t<\/div><div class=\"master-fancy-image elementor-repeater-item-13cc014 \" data-top=\"300px\" data-parallax='{\"x\" : 0, \"y\" : -30, \"smoothness\" : 30, \"rotateX\" : 0, \"rotateY\" : 0, \"rotateZ\" : 0}' data-calcHeight=\"no\">\n\t\t\t\t\t\t\t\t\t<div class=\"image-wrap\"><img decoding=\"async\" width=\"927\" height=\"520\" src=\"https:\/\/d1tribunaladministrativodelmagdalena.com\/wp-content\/uploads\/2024\/08\/WhatsApp-Image-2024-08-27-at-17.16.45.jpeg\" class=\"attachment-full size-full\" alt=\"\" srcset=\"https:\/\/d1tribunaladministrativodelmagdalena.com\/wp-content\/uploads\/2024\/08\/WhatsApp-Image-2024-08-27-at-17.16.45.jpeg 927w, https:\/\/d1tribunaladministrativodelmagdalena.com\/wp-content\/uploads\/2024\/08\/WhatsApp-Image-2024-08-27-at-17.16.45-300x168.jpeg 300w, https:\/\/d1tribunaladministrativodelmagdalena.com\/wp-content\/uploads\/2024\/08\/WhatsApp-Image-2024-08-27-at-17.16.45-768x431.jpeg 768w\" sizes=\"(max-width: 927px) 100vw, 927px\" \/><\/div>\n\t\t\t\t\t\t\t\t<\/div><div class=\"master-fancy-image elementor-repeater-item-30901a0 rotate-small3\" data-top=\"70px\" data-calcHeight=\"no\">\n\t\t\t\t\t\t\t\t\t\t<div class=\"image-wrap\"><img decoding=\"async\" width=\"137\" height=\"137\" src=\"https:\/\/d1tribunaladministrativodelmagdalena.com\/wp-content\/uploads\/2022\/07\/shape-1.svg\" class=\"attachment-full size-full\" alt=\"\" \/><\/div>\n\t\t\t\t\t\t\t\t\t<\/div><div class=\"master-shape master-animation elementor-repeater-item-7e346b9 bg-grad-1\" data-animation=\"revealBottom\" data-calcHeight=\"yes\"><\/div>\t\t<\/div>\n\t    \t\t\t\t<\/div>\n\t\t\t\t<\/div>\n\t\t\t\t<\/div>\n\t\t\t\t\t<\/div>\n\t\t\t\t<\/div>\n\t\t<div class=\"elementor-element elementor-element-8c58c7a e-flex e-con-boxed e-con e-parent\" data-id=\"8c58c7a\" data-element_type=\"container\">\n\t\t\t\t\t<div class=\"e-con-inner\">\n\t\t\t\t<div class=\"elementor-element elementor-element-de906ea align-center heading-big heading-default elementor-widget elementor-widget-mae-headings\" data-id=\"de906ea\" data-element_type=\"widget\" data-widget_type=\"mae-headings.default\">\n\t\t\t\t<div class=\"elementor-widget-container\">\n\t\t\t\t\t\t\t<div class=\"master-heading sep-none\">\n\t\t\t\t        \n\t        \n\t        \t        <h2 class=\"main-heading\">Te invitamos a ver la primera audiencia judicial en el Metaverso.<\/h2>\n\t        \n\t        \n\t        \t    <\/div>\n\t    \t\t\t\t<\/div>\n\t\t\t\t<\/div>\n\t\t\t\t<div class=\"elementor-element elementor-element-2e51307 elementor-widget elementor-widget-video\" data-id=\"2e51307\" data-element_type=\"widget\" data-settings=\"{&quot;youtube_url&quot;:&quot;https:\\\/\\\/www.youtube.com\\\/watch?v=LXi2TX9OBmQ&quot;,&quot;video_type&quot;:&quot;youtube&quot;,&quot;controls&quot;:&quot;yes&quot;}\" data-widget_type=\"video.default\">\n\t\t\t\t<div class=\"elementor-widget-container\">\n\t\t\t\t\t\t\t<div class=\"elementor-wrapper elementor-open-inline\">\n\t\t\t<div class=\"elementor-video\"><\/div>\t\t<\/div>\n\t\t\t\t\t\t<\/div>\n\t\t\t\t<\/div>\n\t\t\t\t\t<\/div>\n\t\t\t\t<\/div>\n\t\t\t\t<\/div>\n\t\t\n    <div class=\"xs_social_share_widget xs_share_url after_content \t\tmain_content  wslu-style-1 wslu-share-box-shaped wslu-fill-colored wslu-none wslu-share-horizontal wslu-theme-font-no wslu-main_content\">\n\n\t\t\n        <ul>\n\t\t\t        <\/ul>\n    <\/div> \n","protected":false},"excerpt":{"rendered":"<p>Metaverso Despacho 01 en el Metaverso El metaverso es un espacio virtual revolucionario donde se recrean situaciones reales o ficticias, ofreciendo a las personas nuevas y emocionantes experiencias. Gracias a dispositivos electr\u00f3nicos conectados a internet, el metaverso permite la simulaci\u00f3n de experiencias f\u00edsicas de manera virtual, logrando el mayor realismo<\/p>\n","protected":false},"author":1,"featured_media":0,"parent":0,"menu_order":0,"comment_status":"closed","ping_status":"closed","template":"","meta":{"inline_featured_image":false,"footnotes":""},"class_list":["post-6503","page","type-page","status-publish","hentry"],"_links":{"self":[{"href":"https:\/\/d1tribunaladministrativodelmagdalena.com\/index.php?rest_route=\/wp\/v2\/pages\/6503","targetHints":{"allow":["GET"]}}],"collection":[{"href":"https:\/\/d1tribunaladministrativodelmagdalena.com\/index.php?rest_route=\/wp\/v2\/pages"}],"about":[{"href":"https:\/\/d1tribunaladministrativodelmagdalena.com\/index.php?rest_route=\/wp\/v2\/types\/page"}],"author":[{"embeddable":true,"href":"https:\/\/d1tribunaladministrativodelmagdalena.com\/index.php?rest_route=\/wp\/v2\/users\/1"}],"replies":[{"embeddable":true,"href":"https:\/\/d1tribunaladministrativodelmagdalena.com\/index.php?rest_route=%2Fwp%2Fv2%2Fcomments&post=6503"}],"version-history":[{"count":22,"href":"https:\/\/d1tribunaladministrativodelmagdalena.com\/index.php?rest_route=\/wp\/v2\/pages\/6503\/revisions"}],"predecessor-version":[{"id":6829,"href":"https:\/\/d1tribunaladministrativodelmagdalena.com\/index.php?rest_route=\/wp\/v2\/pages\/6503\/revisions\/6829"}],"wp:attachment":[{"href":"https:\/\/d1tribunaladministrativodelmagdalena.com\/index.php?rest_route=%2Fwp%2Fv2%2Fmedia&parent=6503"}],"curies":[{"name":"wp","href":"https:\/\/api.w.org\/{rel}","templated":true}]}}